{"id":204,"date":"2022-12-12T17:18:02","date_gmt":"2022-12-12T16:18:02","guid":{"rendered":"http:\/\/www.labomorphe.ovh\/?page_id=204"},"modified":"2022-12-13T10:02:47","modified_gmt":"2022-12-13T09:02:47","slug":"a-propos","status":"publish","type":"page","link":"http:\/\/www.labomorphe.ovh\/index.php\/a-propos\/","title":{"rendered":"\u00e0 propos"},"content":{"rendered":"\n<p><strong>Jean-Marc Berguel<\/strong>, artiste plasticien, travaille en Nouvelle Aquitaine. Il va suivre l&#8217;\u00e9volution du labomorphose durant cette ann\u00e9e d&#8217;exp\u00e9riences et r\u00e9aliser un projet plastique \u00e9ditorial en dialogue avec l&#8217;atelier mobile. <\/p>\n\n\n\n<p><strong><a href=\"http:\/\/www.kristina-depaulis.fr\/porte%20folio%20light%202022.pdf\" data-type=\"URL\" data-id=\"http:\/\/www.kristina-depaulis.fr\/porte%20folio%20light%202022.pdf\">Kristina Depaulis<\/a><\/strong>, plasticienne, travaille en Nouvelle Aquitaine. Elle est \u00e0 l&#8217;origine de ce projet et va mener l&#8217;ensemble de l&#8217;aventure du labomorphe. <\/p>\n\n\n\n<p><\/p>\n","protected":false},"excerpt":{"rendered":"<p>Jean-Marc Berguel, artiste plasticien, travaille en Nouvelle Aquitaine. Il va suivre l&#8217;\u00e9volution du labomorphose durant cette ann\u00e9e d&#8217;exp\u00e9riences et r\u00e9aliser un projet plastique \u00e9ditorial en dialogue avec l&#8217;atelier mobile. Kristina Depaulis, plasticienne, travaille en Nouvelle Aquitaine. Elle est \u00e0 l&#8217;origine de ce projet et va mener l&#8217;ensemble de l&#8217;aventure du labomorphe.<\/p>\n","protected":false},"author":1,"featured_media":0,"parent":0,"menu_order":0,"comment_status":"closed","ping_status":"closed","template":"","meta":{"footnotes":""},"class_list":["post-204","page","type-page","status-publish","hentry"],"_links":{"self":[{"href":"http:\/\/www.labomorphe.ovh\/index.php\/wp-json\/wp\/v2\/pages\/204","targetHints":{"allow":["GET"]}}],"collection":[{"href":"http:\/\/www.labomorphe.ovh\/index.php\/wp-json\/wp\/v2\/pages"}],"about":[{"href":"http:\/\/www.labomorphe.ovh\/index.php\/wp-json\/wp\/v2\/types\/page"}],"author":[{"embeddable":true,"href":"http:\/\/www.labomorphe.ovh\/index.php\/wp-json\/wp\/v2\/users\/1"}],"replies":[{"embeddable":true,"href":"http:\/\/www.labomorphe.ovh\/index.php\/wp-json\/wp\/v2\/comments?post=204"}],"version-history":[{"count":2,"href":"http:\/\/www.labomorphe.ovh\/index.php\/wp-json\/wp\/v2\/pages\/204\/revisions"}],"predecessor-version":[{"id":250,"href":"http:\/\/www.labomorphe.ovh\/index.php\/wp-json\/wp\/v2\/pages\/204\/revisions\/250"}],"wp:attachment":[{"href":"http:\/\/www.labomorphe.ovh\/index.php\/wp-json\/wp\/v2\/media?parent=204"}],"curies":[{"name":"wp","href":"https:\/\/api.w.org\/{rel}","templated":true}]}}