{"id":186,"date":"2022-12-07T19:33:39","date_gmt":"2022-12-07T18:33:39","guid":{"rendered":"http:\/\/www.labomorphe.ovh\/?page_id=186"},"modified":"2022-12-07T19:33:39","modified_gmt":"2022-12-07T18:33:39","slug":"visite-de-veloma","status":"publish","type":"page","link":"http:\/\/www.labomorphe.ovh\/index.php\/blog\/visite-de-veloma\/","title":{"rendered":"Visite de V\u00e9loma"},"content":{"rendered":"\n<p class=\"has-medium-font-size\">Nous avons d\u00e9couvert le site alternatif de l&#8217;association V\u00e9loma \u00e0 l&#8217;occasion de la commande de la charrette \u00e9lectrifi\u00e9e. Vous trouverez toutes les informations concernant ce duo engag\u00e9 dans une autre fa\u00e7on de circuler au quotidien depuis maintenant dix ans dans leur site internet (lien dans la rubrique partenaires). Une belle rencontre en accord avec les principes du projet.<\/p>\n","protected":false},"excerpt":{"rendered":"<p>Nous avons d\u00e9couvert le site alternatif de l&#8217;association V\u00e9loma \u00e0 l&#8217;occasion de la commande de la charrette \u00e9lectrifi\u00e9e. Vous trouverez toutes les informations concernant ce duo engag\u00e9 dans une autre fa\u00e7on de circuler au quotidien depuis maintenant dix ans dans leur site internet (lien dans la rubrique partenaires). Une belle rencontre en accord avec les &hellip; <a href=\"http:\/\/www.labomorphe.ovh\/index.php\/blog\/visite-de-veloma\/\" class=\"more-link\">Continue reading<span class=\"screen-reader-text\"> &#8220;Visite de V\u00e9loma&#8221;<\/span><\/a><\/p>\n","protected":false},"author":1,"featured_media":93,"parent":67,"menu_order":2,"comment_status":"closed","ping_status":"closed","template":"","meta":{"footnotes":""},"class_list":["post-186","page","type-page","status-publish","has-post-thumbnail","hentry"],"_links":{"self":[{"href":"http:\/\/www.labomorphe.ovh\/index.php\/wp-json\/wp\/v2\/pages\/186","targetHints":{"allow":["GET"]}}],"collection":[{"href":"http:\/\/www.labomorphe.ovh\/index.php\/wp-json\/wp\/v2\/pages"}],"about":[{"href":"http:\/\/www.labomorphe.ovh\/index.php\/wp-json\/wp\/v2\/types\/page"}],"author":[{"embeddable":true,"href":"http:\/\/www.labomorphe.ovh\/index.php\/wp-json\/wp\/v2\/users\/1"}],"replies":[{"embeddable":true,"href":"http:\/\/www.labomorphe.ovh\/index.php\/wp-json\/wp\/v2\/comments?post=186"}],"version-history":[{"count":1,"href":"http:\/\/www.labomorphe.ovh\/index.php\/wp-json\/wp\/v2\/pages\/186\/revisions"}],"predecessor-version":[{"id":187,"href":"http:\/\/www.labomorphe.ovh\/index.php\/wp-json\/wp\/v2\/pages\/186\/revisions\/187"}],"up":[{"embeddable":true,"href":"http:\/\/www.labomorphe.ovh\/index.php\/wp-json\/wp\/v2\/pages\/67"}],"wp:featuredmedia":[{"embeddable":true,"href":"http:\/\/www.labomorphe.ovh\/index.php\/wp-json\/wp\/v2\/media\/93"}],"wp:attachment":[{"href":"http:\/\/www.labomorphe.ovh\/index.php\/wp-json\/wp\/v2\/media?parent=186"}],"curies":[{"name":"wp","href":"https:\/\/api.w.org\/{rel}","templated":true}]}}